{"id":945,"date":"2024-10-21T14:57:19","date_gmt":"2024-10-21T14:57:19","guid":{"rendered":"https:\/\/asamadeira.org\/?page_id=945"},"modified":"2024-10-21T14:57:19","modified_gmt":"2024-10-21T14:57:19","slug":"25-anos-a-criar-projetos-since-1999","status":"publish","type":"page","link":"https:\/\/asamadeira.org\/?page_id=945","title":{"rendered":"25 ANOS A CRIAR PROJETOS &#8211;  Since 1999"},"content":{"rendered":"\n<p>No pr\u00f3ximo dia 5 de novembro de 2024, a ASA &#8211; Associa\u00e7\u00e3o para o Desenvolvimento de Santo Ant\u00f3nio, completar\u00e1 o 25\u00ba anivers\u00e1rio da sua cria\u00e7\u00e3o.<\/p>\n\n\n\n<p>O maior objetivo \u00e9 o apoio \u00e0 recupera\u00e7\u00e3o urban\u00edstica das habita\u00e7\u00f5es das pessoas com maiores dificuldades financeiras, mas outros projetos sociais foram sendo criados e em 2017, alargou o campo de interven\u00e7\u00e3o ao todo Regional.<\/p>\n\n\n\n<p>Projetos organizados em exclusividade e\/ou em parceria com outras institui\u00e7\u00f5es, s\u00e3o aos milhares, as pessoas que participam ou que usufruem das iniciativas levadas a cabo pelos t\u00e9cnicos da associa\u00e7\u00e3o.<\/p>\n\n\n\n<p>Desde a recupera\u00e7\u00e3o urban\u00edstica, ao C@pacitar, passadndo pelo Proinf\u00e2ncia, Ao Encontro da Natureza e ao Socialmente Ativo&#8230; s\u00e3o alguns dos projetos desenvolvidos, anualmente, financiados por institui\u00e7\u00f5es, como o Governo Regional, Funda\u00e7\u00f5es, C\u00e2mara Municipais e juntas de freguesia, por mecenas e etc.<\/p>\n\n\n\n<figure class=\"wp-block-image size-large is-resized is-style-rounded\"><img loading=\"lazy\" decoding=\"async\" width=\"576\" height=\"1024\" src=\"https:\/\/asamadeira.org\/wp-content\/uploads\/2023\/11\/400182687_325632483509396_7771933031607178461_n-576x1024.jpg\" alt=\"\" class=\"wp-image-804\" style=\"width:219px;height:auto\" srcset=\"https:\/\/asamadeira.org\/wp-content\/uploads\/2023\/11\/400182687_325632483509396_7771933031607178461_n-576x1024.jpg 576w, https:\/\/asamadeira.org\/wp-content\/uploads\/2023\/11\/400182687_325632483509396_7771933031607178461_n-169x300.jpg 169w, https:\/\/asamadeira.org\/wp-content\/uploads\/2023\/11\/400182687_325632483509396_7771933031607178461_n-768x1365.jpg 768w, https:\/\/asamadeira.org\/wp-content\/uploads\/2023\/11\/400182687_325632483509396_7771933031607178461_n-864x1536.jpg 864w, https:\/\/asamadeira.org\/wp-content\/uploads\/2023\/11\/400182687_325632483509396_7771933031607178461_n-300x533.jpg 300w, https:\/\/asamadeira.org\/wp-content\/uploads\/2023\/11\/400182687_325632483509396_7771933031607178461_n-850x1511.jpg 850w, https:\/\/asamadeira.org\/wp-content\/uploads\/2023\/11\/400182687_325632483509396_7771933031607178461_n.jpg 1152w\" sizes=\"(max-width: 576px) 100vw, 576px\" \/><\/figure>\n","protected":false},"excerpt":{"rendered":"<p>No pr\u00f3ximo dia 5 de novembro de 2024, a ASA &#8211; Associa\u00e7\u00e3o para o Desenvolvimento de Santo Ant\u00f3nio, completar\u00e1 o 25\u00ba anivers\u00e1rio da sua cria\u00e7\u00e3o. O maior objetivo \u00e9 o apoio \u00e0 recupera\u00e7\u00e3o urban\u00edstica das habita\u00e7\u00f5es das pessoas com maiores dificuldades financeiras, mas outros projetos sociais foram sendo criados e em 2017, alargou o campo&#8230;<\/p>\n","protected":false},"author":3,"featured_media":0,"parent":0,"menu_order":0,"comment_status":"closed","ping_status":"closed","template":"","meta":{"footnotes":""},"class_list":["post-945","page","type-page","status-publish","hentry"],"_links":{"self":[{"href":"https:\/\/asamadeira.org\/index.php?rest_route=\/wp\/v2\/pages\/945"}],"collection":[{"href":"https:\/\/asamadeira.org\/index.php?rest_route=\/wp\/v2\/pages"}],"about":[{"href":"https:\/\/asamadeira.org\/index.php?rest_route=\/wp\/v2\/types\/page"}],"author":[{"embeddable":true,"href":"https:\/\/asamadeira.org\/index.php?rest_route=\/wp\/v2\/users\/3"}],"replies":[{"embeddable":true,"href":"https:\/\/asamadeira.org\/index.php?rest_route=%2Fwp%2Fv2%2Fcomments&post=945"}],"version-history":[{"count":1,"href":"https:\/\/asamadeira.org\/index.php?rest_route=\/wp\/v2\/pages\/945\/revisions"}],"predecessor-version":[{"id":946,"href":"https:\/\/asamadeira.org\/index.php?rest_route=\/wp\/v2\/pages\/945\/revisions\/946"}],"wp:attachment":[{"href":"https:\/\/asamadeira.org\/index.php?rest_route=%2Fwp%2Fv2%2Fmedia&parent=945"}],"curies":[{"name":"wp","href":"https:\/\/api.w.org\/{rel}","templated":true}]}}