{"id":938,"date":"2024-10-21T14:32:07","date_gmt":"2024-10-21T14:32:07","guid":{"rendered":"https:\/\/asamadeira.org\/?page_id=938"},"modified":"2024-10-24T10:59:54","modified_gmt":"2024-10-24T10:59:54","slug":"socios","status":"publish","type":"page","link":"https:\/\/asamadeira.org\/?page_id=938","title":{"rendered":"S\u00d3CIOS"},"content":{"rendered":"\n<p>Fa\u00e7a-se s\u00f3cio e colabore com a associa\u00e7\u00e3o ASA!!!<br>Ajude-nos a ajudar \ud83d\ude09<\/p>\n\n\n\n<p>Fa\u00e7a o download da Proposta de S\u00f3cio e preencha e envie para geral@asamadeira.org<\/p>\n\n\n\n<p>S\u00e3o s\u00f3 2,00 \u20ac por m\u00eas&#8230;. <\/p>\n\n\n\n<p>Fa\u00e7a uma transfer\u00eancia para o NIB abaixo mencionado e receber\u00e1 o recibo na sua morada.<\/p>\n\n\n\n<p>NIB PT50 0033 0000 45394305120 05<\/p>\n\n\n\n<p>BREVEMENTE.. teremos novidades.<\/p>\n\n\n\n<div class=\"wp-block-file\"><a id=\"wp-block-file--media-edb79229-4e63-47a8-a7b7-a56939b19752\" href=\"https:\/\/asamadeira.org\/wp-content\/uploads\/2024\/10\/Proposta-de-socio-2024.pdf\">Proposta de s\u00f3cio 2024<\/a><a href=\"https:\/\/asamadeira.org\/wp-content\/uploads\/2024\/10\/Proposta-de-socio-2024.pdf\" class=\"wp-block-file__button wp-element-button\" download aria-describedby=\"wp-block-file--media-edb79229-4e63-47a8-a7b7-a56939b19752\">Descarregar<\/a><\/div>\n\n\n\n<p><strong>Artigo 12.\u00ba<\/strong><br>O processo de admiss\u00e3o de um novo associado efetivo \u00e9 iniciado mediante a apresenta\u00e7\u00e3o \u00e0 Dire\u00e7\u00e3o de uma proposta neste sentido, por parte de um s\u00f3cio fundador ou efetivo.<\/p>\n\n\n\n<p><\/p>\n","protected":false},"excerpt":{"rendered":"<p>Fa\u00e7a-se s\u00f3cio e colabore com a associa\u00e7\u00e3o ASA!!!Ajude-nos a ajudar \ud83d\ude09 Fa\u00e7a o download da Proposta de S\u00f3cio e preencha e envie para geral@asamadeira.org S\u00e3o s\u00f3 2,00 \u20ac por m\u00eas&#8230;. Fa\u00e7a uma transfer\u00eancia para o NIB abaixo mencionado e receber\u00e1 o recibo na sua morada. NIB PT50 0033 0000 45394305120 05 BREVEMENTE.. teremos novidades. Artigo&#8230;<\/p>\n","protected":false},"author":3,"featured_media":0,"parent":0,"menu_order":0,"comment_status":"closed","ping_status":"closed","template":"","meta":{"footnotes":""},"class_list":["post-938","page","type-page","status-publish","hentry"],"_links":{"self":[{"href":"https:\/\/asamadeira.org\/index.php?rest_route=\/wp\/v2\/pages\/938"}],"collection":[{"href":"https:\/\/asamadeira.org\/index.php?rest_route=\/wp\/v2\/pages"}],"about":[{"href":"https:\/\/asamadeira.org\/index.php?rest_route=\/wp\/v2\/types\/page"}],"author":[{"embeddable":true,"href":"https:\/\/asamadeira.org\/index.php?rest_route=\/wp\/v2\/users\/3"}],"replies":[{"embeddable":true,"href":"https:\/\/asamadeira.org\/index.php?rest_route=%2Fwp%2Fv2%2Fcomments&post=938"}],"version-history":[{"count":5,"href":"https:\/\/asamadeira.org\/index.php?rest_route=\/wp\/v2\/pages\/938\/revisions"}],"predecessor-version":[{"id":960,"href":"https:\/\/asamadeira.org\/index.php?rest_route=\/wp\/v2\/pages\/938\/revisions\/960"}],"wp:attachment":[{"href":"https:\/\/asamadeira.org\/index.php?rest_route=%2Fwp%2Fv2%2Fmedia&parent=938"}],"curies":[{"name":"wp","href":"https:\/\/api.w.org\/{rel}","templated":true}]}}