{"id":17,"date":"2020-10-30T10:46:33","date_gmt":"2020-10-30T10:46:33","guid":{"rendered":"https:\/\/asamadeira.org\/?page_id=17"},"modified":"2025-06-17T18:35:24","modified_gmt":"2025-06-17T18:35:24","slug":"apresentacao-de-contas","status":"publish","type":"page","link":"https:\/\/asamadeira.org\/?page_id=17","title":{"rendered":"Apresenta\u00e7\u00e3o de Contas &#8211; atualiza\u00e7\u00e3o RC2024"},"content":{"rendered":"\n<div class=\"wp-block-file\"><a href=\"https:\/\/asamadeira.org\/wp-content\/uploads\/2020\/11\/Relatorio-e-Contas-2015-2.pdf\">Relatorio-e-Contas-2015<\/a><a href=\"https:\/\/asamadeira.org\/wp-content\/uploads\/2020\/11\/Relatorio-e-Contas-2015-2.pdf\" class=\"wp-block-file__button wp-element-button\" download>Descarregar<\/a><\/div>\n\n\n\n<div class=\"wp-block-file\"><a href=\"https:\/\/asamadeira.org\/wp-content\/uploads\/2020\/11\/Relatorio-e-Contas-2016-2.pdf\">Relatorio-e-Contas-2016<\/a><a href=\"https:\/\/asamadeira.org\/wp-content\/uploads\/2020\/11\/Relatorio-e-Contas-2016-2.pdf\" class=\"wp-block-file__button wp-element-button\" download>Descarregar<\/a><\/div>\n\n\n\n<div class=\"wp-block-file\"><a href=\"https:\/\/asamadeira.org\/wp-content\/uploads\/2020\/11\/Relatorio-e-contas-2017.pdf\">Relatorio-e-Contas-2017<\/a><a href=\"https:\/\/asamadeira.org\/wp-content\/uploads\/2020\/11\/Relatorio-e-contas-2017.pdf\" class=\"wp-block-file__button wp-element-button\" download>Descarregar<\/a><\/div>\n\n\n\n<div class=\"wp-block-file\"><a href=\"https:\/\/asamadeira.org\/wp-content\/uploads\/2020\/11\/Relatorio-e-contas-2018.pdf\">Relatorio-e-Contas-2018<\/a><a href=\"https:\/\/asamadeira.org\/wp-content\/uploads\/2020\/11\/Relatorio-e-contas-2018.pdf\" class=\"wp-block-file__button wp-element-button\" download>Descarregar<\/a><\/div>\n\n\n\n<div class=\"wp-block-file\"><a href=\"https:\/\/asamadeira.org\/wp-content\/uploads\/2020\/11\/Relatorio-e-contas-2019.pdf\">Relatorio-e-Contas-2019<\/a><a href=\"https:\/\/asamadeira.org\/wp-content\/uploads\/2020\/11\/Relatorio-e-contas-2019.pdf\" class=\"wp-block-file__button wp-element-button\" download>Descarregar<\/a><\/div>\n\n\n\n<div class=\"wp-block-file\"><a href=\"https:\/\/asamadeira.org\/wp-content\/uploads\/2021\/05\/Relatorio-e-Contas-2020.pdf\">Relatorio-e-Contas-2020<\/a><a href=\"https:\/\/asamadeira.org\/wp-content\/uploads\/2021\/05\/Relatorio-e-Contas-2020.pdf\" class=\"wp-block-file__button wp-element-button\" download>Descarregar<\/a><\/div>\n\n\n\n<div class=\"wp-block-file\"><a href=\"https:\/\/asamadeira.org\/wp-content\/uploads\/2022\/06\/Relatorio-e-Contas-2021-1.pdf\">Relatorio-e-Contas-2021<\/a><a href=\"https:\/\/asamadeira.org\/wp-content\/uploads\/2022\/06\/Relatorio-e-Contas-2021-1.pdf\" class=\"wp-block-file__button wp-element-button\" download>Descarregar<\/a><\/div>\n\n\n\n<div class=\"wp-block-file\"><a href=\"https:\/\/asamadeira.org\/wp-content\/uploads\/2023\/05\/Relatorio-e-Contas-2022-.pdf\">Relatorio-e-Contas-2022<\/a><a href=\"https:\/\/asamadeira.org\/wp-content\/uploads\/2023\/05\/Relatorio-e-Contas-2022-.pdf\" class=\"wp-block-file__button wp-element-button\" download>Descarregar<\/a><\/div>\n\n\n\n<div class=\"wp-block-file\"><a id=\"wp-block-file--media-555b2e5d-bad1-4748-af0f-b3eee73ce2db\" href=\"https:\/\/asamadeira.org\/wp-content\/uploads\/2024\/09\/Relatorio-e-Contas-2023-3-2.pdf\">Relatorio-e-Contas-2023<\/a><a href=\"https:\/\/asamadeira.org\/wp-content\/uploads\/2024\/09\/Relatorio-e-Contas-2023-3-2.pdf\" class=\"wp-block-file__button wp-element-button\" download aria-describedby=\"wp-block-file--media-555b2e5d-bad1-4748-af0f-b3eee73ce2db\">Descarregar<\/a><\/div>\n\n\n\n<div class=\"wp-block-file\"><a id=\"wp-block-file--media-33b7da14-ab5d-44d1-a0b7-2059b7e799b8\" href=\"https:\/\/asamadeira.org\/wp-content\/uploads\/2025\/06\/Relatorio-e-Contas-2024.pdf\">Relat\u00f3rio-e-Contas 2024<\/a><a href=\"https:\/\/asamadeira.org\/wp-content\/uploads\/2025\/06\/Relatorio-e-Contas-2024.pdf\" class=\"wp-block-file__button wp-element-button\" download aria-describedby=\"wp-block-file--media-33b7da14-ab5d-44d1-a0b7-2059b7e799b8\">Descarregar<\/a><\/div>\n\n\n\n<p><strong>\u00d3RG\u00c3OS SOCIAI<\/strong>S<\/p>\n\n\n\n<div class=\"wp-block-file\"><a href=\"https:\/\/asamadeira.org\/wp-content\/uploads\/2020\/11\/Orgaos-sociais-2018-2021.pdf\">Orgaos-sociais-2018-2021<\/a><a href=\"https:\/\/asamadeira.org\/wp-content\/uploads\/2020\/11\/Orgaos-sociais-2018-2021.pdf\" class=\"wp-block-file__button wp-element-button\" download>Descarregar<\/a><\/div>\n\n\n\n<div class=\"wp-block-file\"><a id=\"wp-block-file--media-e4a1793e-ef51-492f-a617-97715039d1cf\" href=\"https:\/\/asamadeira.org\/wp-content\/uploads\/2024\/07\/Orgaos-sociais-2022-2025.pdf\">Orgaos-sociais-2022-2025<\/a><a href=\"https:\/\/asamadeira.org\/wp-content\/uploads\/2024\/07\/Orgaos-sociais-2022-2025.pdf\" class=\"wp-block-file__button wp-element-button\" download aria-describedby=\"wp-block-file--media-e4a1793e-ef51-492f-a617-97715039d1cf\">Descarregar<\/a><\/div>\n\n\n\n<p><\/p>\n","protected":false},"excerpt":{"rendered":"<p>\u00d3RG\u00c3OS SOCIAIS<\/p>\n","protected":false},"author":3,"featured_media":29,"parent":0,"menu_order":0,"comment_status":"closed","ping_status":"closed","template":"","meta":{"footnotes":""},"class_list":["post-17","page","type-page","status-publish","has-post-thumbnail","hentry"],"_links":{"self":[{"href":"https:\/\/asamadeira.org\/index.php?rest_route=\/wp\/v2\/pages\/17"}],"collection":[{"href":"https:\/\/asamadeira.org\/index.php?rest_route=\/wp\/v2\/pages"}],"about":[{"href":"https:\/\/asamadeira.org\/index.php?rest_route=\/wp\/v2\/types\/page"}],"author":[{"embeddable":true,"href":"https:\/\/asamadeira.org\/index.php?rest_route=\/wp\/v2\/users\/3"}],"replies":[{"embeddable":true,"href":"https:\/\/asamadeira.org\/index.php?rest_route=%2Fwp%2Fv2%2Fcomments&post=17"}],"version-history":[{"count":26,"href":"https:\/\/asamadeira.org\/index.php?rest_route=\/wp\/v2\/pages\/17\/revisions"}],"predecessor-version":[{"id":1067,"href":"https:\/\/asamadeira.org\/index.php?rest_route=\/wp\/v2\/pages\/17\/revisions\/1067"}],"wp:featuredmedia":[{"embeddable":true,"href":"https:\/\/asamadeira.org\/index.php?rest_route=\/wp\/v2\/media\/29"}],"wp:attachment":[{"href":"https:\/\/asamadeira.org\/index.php?rest_route=%2Fwp%2Fv2%2Fmedia&parent=17"}],"curies":[{"name":"wp","href":"https:\/\/api.w.org\/{rel}","templated":true}]}}