{"id":1019,"date":"2025-03-19T14:25:28","date_gmt":"2025-03-19T14:25:28","guid":{"rendered":"https:\/\/asamadeira.org\/?page_id=1019"},"modified":"2026-03-31T08:18:13","modified_gmt":"2026-03-31T08:18:13","slug":"projetos-2025","status":"publish","type":"page","link":"https:\/\/asamadeira.org\/?page_id=1019","title":{"rendered":"Projetos 2026"},"content":{"rendered":"\n<p><strong>+ HABITA\u00c7\u00c3O &#8211; Concelho do Funchal<\/strong> &#8211; desde 2022<\/p>\n\n\n\n<p>Novamente e para as fam\u00edlias do Funchal e com o apoio da C\u00e2mara Municipal, iremos apoiar quem precisa de realizar pequenas obras para melhoras as condi\u00e7\u00f5es de habitabilidade.<\/p>\n\n\n\n<p>Iniciou-se no ano de 2022.<\/p>\n\n\n\n<p>Este apoio ser\u00e1 entregue \u00e0s fam\u00edlias para a aquisi\u00e7\u00e3o de materiais de constru\u00e7\u00e3o civil e afins.<\/p>\n\n\n\n<div class=\"wp-block-file\"><a id=\"wp-block-file--media-4fdfbd44-293b-442a-9384-f9a76b01262d\" href=\"https:\/\/asamadeira.org\/wp-content\/uploads\/2025\/05\/FICHA-DE-CANDIDATURA-HABITACAO-2025.pdf\">FICHA DE CANDIDATURA +HABITA\u00c7\u00c3O 2025<\/a><a href=\"https:\/\/asamadeira.org\/wp-content\/uploads\/2025\/05\/FICHA-DE-CANDIDATURA-HABITACAO-2025.pdf\" class=\"wp-block-file__button wp-element-button\" download aria-describedby=\"wp-block-file--media-4fdfbd44-293b-442a-9384-f9a76b01262d\">Descarregar<\/a><\/div>\n\n\n\n<div class=\"wp-block-file\"><a id=\"wp-block-file--media-983de441-df3a-47b6-a58a-67eed9f20c50\" href=\"https:\/\/asamadeira.org\/wp-content\/uploads\/2025\/05\/Check-List-HABITACAO-2025.pdf\">Check List +HABITA\u00c7\u00c3O 2025<\/a><a href=\"https:\/\/asamadeira.org\/wp-content\/uploads\/2025\/05\/Check-List-HABITACAO-2025.pdf\" class=\"wp-block-file__button wp-element-button\" download aria-describedby=\"wp-block-file--media-983de441-df3a-47b6-a58a-67eed9f20c50\">Descarregar<\/a><\/div>\n\n\n\n<p><\/p>\n\n\n\n<p><strong>PROINF\u00c2NCIA<\/strong> &#8211; desde 2023 &#8211; ASA \u00e9 a Coordenadora do projeto <\/p>\n\n\n\n<p>Projeto promovido pela Funda\u00e7\u00e3o La Caixa, sendo a ASA a entidade coordenadora do mesmo.<\/p>\n\n\n\n<p>Visa o apoio a jovens e a fam\u00edlias destes, enquadr\u00e1veis num estrato social mais desfavorecido e com idades compreendidas entre os 0 e os 18 anos. As \u00e1reas de interven\u00e7\u00e3o s\u00e3o: a ocupa\u00e7\u00e3o de tempos livres, apoio ao estudo, psicologia, terapia da fala, apoio na aquisi\u00e7\u00e3o de material escolar, de \u00f3culos e de bens alimentares e de higiene.<\/p>\n\n\n\n<p>No ano de 2026, este projeto j\u00e1 decorre nas freguesias de Santo Ant\u00f3nio, Monte, S\u00e3o Pedro, S\u00e3o Roque e S\u00e3o Martinho, prentendendo alargar a outras freguesia do Concelho.<\/p>\n\n\n\n<p><strong>C@PACITAR<\/strong><\/p>\n\n\n\n<p>Uma iniciativa que surgiu em 1999 e que ao longo dos anos tem inovado atrav\u00e9s da introdu\u00e7\u00e3o de novas din\u00e2micas.<\/p>\n\n\n\n<p>A Mercearia Social; o Look &amp; Care (gin\u00e1stica em casa das pessoas); o ASA vai \u00e0 tua Escola (T\u00e9cnicos nas escolas onde abordam v\u00e1rias tem\u00e1ticas nas disciplinas de Cidadania); A Horta Social; os Cursos de inform\u00e1tica. S\u00e3o alguns exemplos das atividades que decorrem de janeiro a dezembro.<\/p>\n\n\n\n<p><strong>VALORIZA\u00c7\u00c3O HABITACIONAL<\/strong><\/p>\n\n\n\n<p>Trata-se de um projeto que visa a atribui\u00e7\u00e3o de apoios em materiais de constru\u00e7\u00e3o civil e afins, para a valoriza\u00e7\u00e3o das habita\u00e7\u00f5es dos agregados de toda a Regi\u00e3o Aut\u00f3noma da Madeira.<\/p>\n\n\n\n<p>No decorrer deste ano civil de 2026, os apoios que s\u00e3o entregues \u00e0s fam\u00edlias, s\u00e3o provenientes de empresas parceiras que atribuem donativos e atrav\u00e9s da Consigna\u00e7\u00e3o do IRS.<\/p>\n\n\n\n<p><strong>ASA &#8211; APOIO SOCIALMENTE ALEAT\u00d3RIO<\/strong><\/p>\n\n\n\n<p>O &#8220;ASA&#8221; \u00e9 um apoio muito multifacetado que prentende chegar \u00e0s fam\u00edlias que necessitam de uma colabora\u00e7\u00e3o diferenciada e que nada tenha a ver com a recupera\u00e7\u00e3o das habita\u00e7\u00f5es.<\/p>\n\n\n\n<p>Neste \u00e2mbito, a associa\u00e7\u00e3o tem colaborado em in\u00fameras situa\u00e7\u00f5es, com diferentes prop\u00f3sitos, desde a Educa\u00e7\u00e3o, \u00e0 Sa\u00fade, ao Desporto, etc., de forma isolada e em parcerias com institui\u00e7\u00f5es p\u00fablicas e outras privadas.<\/p>\n\n\n\n<p><\/p>\n","protected":false},"excerpt":{"rendered":"<p>+ HABITA\u00c7\u00c3O &#8211; Concelho do Funchal &#8211; desde 2022 Novamente e para as fam\u00edlias do Funchal e com o apoio da C\u00e2mara Municipal, iremos apoiar quem precisa de realizar pequenas obras para melhoras as condi\u00e7\u00f5es de habitabilidade. Iniciou-se no ano de 2022. Este apoio ser\u00e1 entregue \u00e0s fam\u00edlias para a aquisi\u00e7\u00e3o de materiais de constru\u00e7\u00e3o&#8230;<\/p>\n","protected":false},"author":3,"featured_media":0,"parent":0,"menu_order":0,"comment_status":"closed","ping_status":"closed","template":"","meta":{"footnotes":""},"class_list":["post-1019","page","type-page","status-publish","hentry"],"_links":{"self":[{"href":"https:\/\/asamadeira.org\/index.php?rest_route=\/wp\/v2\/pages\/1019"}],"collection":[{"href":"https:\/\/asamadeira.org\/index.php?rest_route=\/wp\/v2\/pages"}],"about":[{"href":"https:\/\/asamadeira.org\/index.php?rest_route=\/wp\/v2\/types\/page"}],"author":[{"embeddable":true,"href":"https:\/\/asamadeira.org\/index.php?rest_route=\/wp\/v2\/users\/3"}],"replies":[{"embeddable":true,"href":"https:\/\/asamadeira.org\/index.php?rest_route=%2Fwp%2Fv2%2Fcomments&post=1019"}],"version-history":[{"count":7,"href":"https:\/\/asamadeira.org\/index.php?rest_route=\/wp\/v2\/pages\/1019\/revisions"}],"predecessor-version":[{"id":1108,"href":"https:\/\/asamadeira.org\/index.php?rest_route=\/wp\/v2\/pages\/1019\/revisions\/1108"}],"wp:attachment":[{"href":"https:\/\/asamadeira.org\/index.php?rest_route=%2Fwp%2Fv2%2Fmedia&parent=1019"}],"curies":[{"name":"wp","href":"https:\/\/api.w.org\/{rel}","templated":true}]}}