{"id":10,"date":"2020-10-29T10:12:17","date_gmt":"2020-10-29T10:12:17","guid":{"rendered":"https:\/\/asamadeira.org\/?page_id=10"},"modified":"2024-10-21T15:24:40","modified_gmt":"2024-10-21T15:24:40","slug":"sobre-nos","status":"publish","type":"page","link":"https:\/\/asamadeira.org\/?page_id=10","title":{"rendered":"Sobre n\u00f3s"},"content":{"rendered":"\n<p>A ASA \u00e9 uma associa\u00e7\u00e3o sem fins lucrativos e IPSS (Institui\u00e7\u00e3o Particular de Solidariedade Social em 8 de maio de 2002) que visa desenvolver atividades e projetos de cariz social e apoiar a recupera\u00e7\u00e3o de resid\u00eancias degradadas, bem como, a forma\u00e7\u00e3o em contexto real de trabalho.<\/p>\n\n\n\n<p>&#8220;Nasceu&#8221; no dia 5 de novembro de 1999 com 5 s\u00f3cios fundadores que definiram o \u00f3rg\u00e3o de instala\u00e7\u00e3o, para no dia 23 de dezembro do mesmo ano ser convocada a assembleia-geral para a primeira tomada de posse dos corpos sociais.<\/p>\n\n\n\n<p>Na \u00e1rea destinada aos projetos, poder\u00e1 verificar algumas das cria\u00e7\u00f5es realizadas pela ASA.<\/p>\n\n\n\n<figure class=\"wp-block-image size-large\"><img decoding=\"async\" src=\"https:\/\/asamadeira.org\/wp-content\/uploads\/2020\/10\/ASA-LOGO.jpg\" alt=\"\" class=\"wp-image-35\"\/><\/figure>\n\n\n\n<h2 class=\"wp-block-heading\">As atividades e iniciativas sociais da ASA<\/h2>\n\n\n\n<p>Todas as iniciativas da ASA s\u00e3o de cariz social.<\/p>\n\n\n\n<p>Todos os anos s\u00e3o apresentados os projetos a v\u00e1rias entidades, atrav\u00e9s de um Plano de Atividade, para consequente aprova\u00e7\u00e3o e financiamento.<\/p>\n\n\n\n<p>Estes projetos, essencialmente s\u00e3o destinados na sua melhoria para as fam\u00edlias que apresentam-se mais vulner\u00e1veis e numa perspetiva de melhorar as condi\u00e7\u00f5es de vida das pessoas, s\u00e3o criados crit\u00e9rios para os requerentes formalizarem as suas candidaturas.<\/p>\n\n\n\n<p>Estas iniciativas t\u00eam v\u00e1rias fontes de financiamento e alguns s\u00e3o donativos que posteriormente ser\u00e3o majorados ao abrigo da Lei do Mecenato.<\/p>\n\n\n\n<p>No Ano de 2020, a ASA j\u00e1 contabiliza o apoio a mais de 6000 fam\u00edlias em v\u00e1rias frentes, tendo desenvolvido iniciativas de elevada import\u00e2ncia, como s\u00e3o os exemplos das recupera\u00e7\u00f5es de algumas habita\u00e7\u00f5es no 20 de fevereiro de 2010 (402) e nos inc\u00eandios de 8 de agosto de 2016 (218).<\/p>\n\n\n\n<p>Os nossos estatutos atualizados &#8211; 23 abril 1999 data da publica\u00e7\u00e3o no JORAM<\/p>\n\n\n\n<div class=\"wp-block-file\"><a id=\"wp-block-file--media-ae2eae06-1181-4734-a8a4-f6a1b974919d\" href=\"https:\/\/asamadeira.org\/wp-content\/uploads\/2024\/10\/estatutos-2019-JORAM23abr19.pdf\">estatutos 2019 JORAM23abr19<\/a><a href=\"https:\/\/asamadeira.org\/wp-content\/uploads\/2024\/10\/estatutos-2019-JORAM23abr19.pdf\" class=\"wp-block-file__button wp-element-button\" download aria-describedby=\"wp-block-file--media-ae2eae06-1181-4734-a8a4-f6a1b974919d\">Descarregar<\/a><\/div>\n\n\n\n<p><\/p>\n","protected":false},"excerpt":{"rendered":"<p>A ASA \u00e9 uma associa\u00e7\u00e3o sem fins lucrativos e IPSS (Institui\u00e7\u00e3o Particular de Solidariedade Social em 8 de maio de 2002) que visa desenvolver atividades e projetos de cariz social e apoiar a recupera\u00e7\u00e3o de resid\u00eancias degradadas, bem como, a forma\u00e7\u00e3o em contexto real de trabalho. &#8220;Nasceu&#8221; no dia 5 de novembro de 1999 com&#8230;<\/p>\n","protected":false},"author":1,"featured_media":0,"parent":0,"menu_order":0,"comment_status":"closed","ping_status":"closed","template":"","meta":{"footnotes":""},"class_list":["post-10","page","type-page","status-publish","hentry"],"_links":{"self":[{"href":"https:\/\/asamadeira.org\/index.php?rest_route=\/wp\/v2\/pages\/10"}],"collection":[{"href":"https:\/\/asamadeira.org\/index.php?rest_route=\/wp\/v2\/pages"}],"about":[{"href":"https:\/\/asamadeira.org\/index.php?rest_route=\/wp\/v2\/types\/page"}],"author":[{"embeddable":true,"href":"https:\/\/asamadeira.org\/index.php?rest_route=\/wp\/v2\/users\/1"}],"replies":[{"embeddable":true,"href":"https:\/\/asamadeira.org\/index.php?rest_route=%2Fwp%2Fv2%2Fcomments&post=10"}],"version-history":[{"count":9,"href":"https:\/\/asamadeira.org\/index.php?rest_route=\/wp\/v2\/pages\/10\/revisions"}],"predecessor-version":[{"id":954,"href":"https:\/\/asamadeira.org\/index.php?rest_route=\/wp\/v2\/pages\/10\/revisions\/954"}],"wp:attachment":[{"href":"https:\/\/asamadeira.org\/index.php?rest_route=%2Fwp%2Fv2%2Fmedia&parent=10"}],"curies":[{"name":"wp","href":"https:\/\/api.w.org\/{rel}","templated":true}]}}